{"id":9,"date":"2024-11-13T14:44:58","date_gmt":"2024-11-13T14:44:58","guid":{"rendered":"https:\/\/ibv.bw-media.saarland\/?page_id=9"},"modified":"2025-07-29T13:27:16","modified_gmt":"2025-07-29T13:27:16","slug":"startseite","status":"publish","type":"page","link":"https:\/\/ibv.bw-media.saarland\/","title":{"rendered":"Startseite"},"content":{"rendered":"<div class=\"\" style=\"\" >\n    \n    <section class=\"u-clearfix u-white u-section-2\" id=\"sec-81a0\">\n      <div class=\"u-clearfix u-sheet u-valign-middle u-sheet-1\">\n        <div class=\"custom-expanded data-layout-selected u-clearfix u-gutter-18 u-layout-wrap u-layout-wrap-1\">\n          <div class=\"u-gutter-0 u-layout\">\n            <div class=\"u-layout-row\">\n              <div class=\"u-size-31-sm u-size-31-xs u-size-33-lg u-size-33-xl u-size-60-md\">\n                <div class=\"u-layout-row\">\n                  <div class=\"u-align-left u-container-align-left u-container-style u-image u-layout-cell u-left-cell u-size-60 u-image-1\" src=\"\" data-image-width=\"800\" data-image-height=\"535\" style=\"background-image: url(&quot;https:\/\/ibv.bw-media.saarland\/wp-content\/uploads\/2024\/11\/BV_Bio_Maxau.jpg&quot;);\">\n                    <div class=\"u-container-layout u-container-layout-1\" src=\"\"><\/div>\n                  <\/div>\n                <\/div>\n              <\/div>\n              <div class=\"u-size-27-lg u-size-27-xl u-size-29-sm u-size-29-xs u-size-60-md\">\n                <div class=\"u-layout-col\">\n                  <div class=\"u-align-left u-container-align-left u-container-style u-layout-cell u-right-cell u-size-60 u-white u-layout-cell-2\" src=\"\">\n                    <div class=\"u-container-layout u-container-layout-2\">\n                      <p class=\"u-text u-text-1\">Liebe Gesch\u00e4ftspartner, wir sind f\u00fcr Gew\u00e4hrleistungsangelegenheiten per E-Mail \u00fcber kontakt@ibv-online.com oder per Post erreichbar.<br>Unser Festnetzanschluss besteht nicht mehr.\n                      <\/p>\n                      <h1 class=\"u-align-left u-text u-text-custom-color-1 u-text-2\">Kontakt<\/h1>\n                      <p class=\"u-align-left u-large-text u-text u-text-variant u-text-3\"> ibv Industriebauten-Verkleidungs-GmbH<br> Scheuerbergstr. 48<br>D-66649 Oberthal<br>\n                      <\/p>\n                      <p class=\"u-align-left u-text u-text-default u-text-4\">\n                        <a class=\"u-btn u-button-link u-button-style u-text-palette-1-base u-btn-1\" data-href=\"mailto:kontakt@ibv-online.com?subject=Mail zur Kontaktaufnahme\">\n                          <br>E-Mail:&nbsp; &nbsp;kontakt@ibv-online.com&nbsp;&nbsp;\n                        <\/a>\n                      <\/p>\n                      <h1 class=\"u-align-left u-text u-text-custom-color-1 u-text-5\">Rechtliches <\/h1>\n                      <p class=\"u-text u-text-body-color u-text-default u-text-6\">\n                        <a class=\"u-btn u-button-link u-button-style u-text-active-black u-text-body-color u-text-hover-black u-btn-2\" data-href=\"#sec-535a\" href=\"https:\/\/ibv.bw-media.saarland\/?page_id=57\"> Impressum<\/a>\n                      <\/p>\n                      <p class=\"u-text u-text-default u-text-7\">\n                        <a class=\"u-btn u-button-link u-button-style u-text-active-black u-text-body-color u-text-hover-black u-btn-3\" href=\"https:\/\/ibv.bw-media.saarland\/?page_id=86#carousel_075e\">Datenschutzerkl\u00e4rung<\/a>\n                      <\/p>\n                    <\/div>\n                  <\/div>\n                <\/div>\n              <\/div>\n            <\/div>\n          <\/div>\n        <\/div>\n      <\/div>\n    <\/section>\n    \n    \n    \n  \n<\/div>","protected":false},"excerpt":{"rendered":"<p>Liebe Gesch\u00e4ftspartner, wir sind f\u00fcr Gew\u00e4hrleistungsangelegenheiten per E-Mail \u00fcber kontakt@ibv-online.com oder per Post erreichbar.Unser Festnetzanschluss besteht nicht mehr. Kontakt ibv Industriebauten-Verkleidungs-GmbH Scheuerbergstr. 48D-66649 Oberthal E-Mail:&nbsp; &nbsp;kontakt@ibv-online.com&nbsp;&nbsp; Rechtliches Impressum Datenschutzerkl\u00e4rung<\/p>\n","protected":false},"author":2,"featured_media":0,"parent":0,"menu_order":0,"comment_status":"closed","ping_status":"closed","template":"","meta":{"footnotes":""},"class_list":["post-9","page","type-page","status-publish","hentry"],"_links":{"self":[{"href":"https:\/\/ibv.bw-media.saarland\/index.php?rest_route=\/wp\/v2\/pages\/9","targetHints":{"allow":["GET"]}}],"collection":[{"href":"https:\/\/ibv.bw-media.saarland\/index.php?rest_route=\/wp\/v2\/pages"}],"about":[{"href":"https:\/\/ibv.bw-media.saarland\/index.php?rest_route=\/wp\/v2\/types\/page"}],"author":[{"embeddable":true,"href":"https:\/\/ibv.bw-media.saarland\/index.php?rest_route=\/wp\/v2\/users\/2"}],"replies":[{"embeddable":true,"href":"https:\/\/ibv.bw-media.saarland\/index.php?rest_route=%2Fwp%2Fv2%2Fcomments&post=9"}],"version-history":[{"count":12,"href":"https:\/\/ibv.bw-media.saarland\/index.php?rest_route=\/wp\/v2\/pages\/9\/revisions"}],"predecessor-version":[{"id":116,"href":"https:\/\/ibv.bw-media.saarland\/index.php?rest_route=\/wp\/v2\/pages\/9\/revisions\/116"}],"wp:attachment":[{"href":"https:\/\/ibv.bw-media.saarland\/index.php?rest_route=%2Fwp%2Fv2%2Fmedia&parent=9"}],"curies":[{"name":"wp","href":"https:\/\/api.w.org\/{rel}","templated":true}]}}