{"id":57,"date":"2024-11-13T14:45:51","date_gmt":"2024-11-13T14:45:51","guid":{"rendered":"https:\/\/ibv.bw-media.saarland\/?page_id=57"},"modified":"2025-07-29T13:29:59","modified_gmt":"2025-07-29T13:29:59","slug":"impressum","status":"publish","type":"page","link":"https:\/\/ibv.bw-media.saarland\/?page_id=57","title":{"rendered":"Impressum"},"content":{"rendered":"<div class=\"\" style=\"\" >\n    \n    <section class=\"u-align-center u-clearfix u-container-align-center u-white u-section-2\" id=\"sec-535a\">\n      <div class=\"u-clearfix u-sheet u-sheet-1\">\n        <div class=\"fr-view u-align-left u-clearfix u-rich-text u-text u-text-1\">\n          <h3>Impressum<\/h3>\n          <p id=\"isPasted\">\n            <span style=\"font-weight: 700;\">Verantwortlich f\u00fcr den Inhalt dieser Internetseite:<\/span>\n          <\/p>\n          <p>ibv Industriebauten-Verkleidungs-GmbH<\/p>\n          <p>Scheuerbergstr. 48<\/p>\n          <p>D-66649 Oberthal<\/p>\n          <p>eMail: <span style=\"font-weight: 700;\">kontakt@ibv-online.com<\/span>\n          <\/p>\n          <p>\n            <br>\n          <\/p>\n          <p>\n            <span style=\"font-weight: 700;\">Gesch\u00e4ftsf\u00fchrer:<\/span>\n          <\/p>\n          <p>Dipl.-Ing. Wolfgang Schumann<\/p>\n          <p>Dipl.-Kff. Katja B\u00f6sch<\/p>\n          <p>\n            <br>\n          <\/p>\n          <p>\n            <span style=\"font-weight: 700;\">Handelsregister:<\/span>\n          <\/p>\n          <p>Reg.-Nr.HRB 80 376<\/p>\n          <p>Amtsgericht St. Wendel<\/p>\n          <p>\n            <br>\n          <\/p>\n          <p>USt-IdNr.: DE 159 946 551<\/p>\n          <p>Inhaltlich Verantwortlicher gem\u00e4\u00df \u00a7 10 Absatz 3 MDStV: Dipl.-Kff. Katja B\u00f6sch (Anschrift wie oben)<\/p>\n          <p>\n            <br>\n          <\/p>\n          <p>\n            <span style=\"font-size: 0.875rem; font-weight: 700;\">Disclaimer<\/span>\n          <\/p>\n          <p>\n            <span style=\"font-size: 0.875rem;\">Haftung f\u00fcr Inhalte<\/span>\n          <\/p>\n          <p>\n            <span style=\"font-size: 0.875rem;\">Als Diensteanbieter sind wir gem\u00e4\u00df \u00a7 7 Abs.1 TMG f\u00fcr eigene Inhalte auf diesen Seiten nach den allgemeinen Gesetzen verantwortlich. Nach \u00a7\u00a7 8 bis 10 TMG sind wir als Diensteanbieter jedoch nicht verpflichtet, \u00fcbermittelte oder gespeicherte fremde Informationen zu \u00fcberwachen oder nach Umst\u00e4nden zu forschen, die auf eine rechtswidrige T\u00e4tigkeit hinweisen. Verpflichtungen zur Entfernung oder Sperrung der Nutzung von Informationen nach den allgemeinen Gesetzen bleiben hiervon unber\u00fchrt. Eine diesbez\u00fcgliche Haftung ist jedoch erst ab dem Zeitpunkt der Kenntnis einer konkreten Rechtsverletzung m\u00f6glich. Bei Bekanntwerden von entsprechenden Rechtsverletzungen werden wir diese Inhalte umgehend entfernen.<\/span>\n          <\/p>\n          <p>\n            <span style=\"font-size: 0.875rem;\">Haftung f\u00fcr Links<\/span>\n          <\/p>\n          <p>\n            <span style=\"font-size: 0.875rem;\">Unser Angebot enth\u00e4lt Links zu externen Webseiten Dritter, auf deren Inhalte wir keinen Einfluss haben. Deshalb k\u00f6nnen wir f\u00fcr diese fremden Inhalte auch keine Gew\u00e4hr \u00fcbernehmen. F\u00fcr die Inhalte der verlinkten Seiten ist stets der jeweilige Anbieter oder Betreiber der Seiten verantwortlich. Die verlinkten Seiten wurden zum Zeitpunkt der Verlinkung auf m\u00f6gliche Rechtsverst\u00f6\u00dfe \u00fcberpr\u00fcft. Rechtswidrige Inhalte waren zum Zeitpunkt der Verlinkung nicht erkennbar. Eine permanente inhaltliche Kontrolle der verlinkten Seiten ist jedoch ohne konkrete Anhaltspunkte einer Rechtsverletzung nicht zumutbar. Bei Bekanntwerden von Rechtsverletzungen werden wir derartige Links umgehend entfernen.<\/span>\n          <\/p>\n          <p>\n            <span style=\"font-size: 0.875rem;\">Urheberrecht<\/span>\n          <\/p>\n          <p>\n            <span style=\"font-size: 0.875rem;\">Die durch die Seitenbetreiber erstellten Inhalte und Werke auf diesen Seiten unterliegen dem deutschen Urheberrecht. Die Vervielf\u00e4ltigung, Bearbeitung, Verbreitung und jede Art der Verwertung au\u00dferhalb der Grenzen des Urheberrechtes bed\u00fcrfen der schriftlichen Zustimmung des jeweiligen Autors bzw. Erstellers. Downloads und Kopien dieser Seite sind nur f\u00fcr den privaten, nicht kommerziellen Gebrauch gestattet. Soweit die Inhalte auf dieser Seite nicht vom Betreiber erstellt wurden, werden die Urheberrechte Dritter beachtet. Insbesondere werden Inhalte Dritter als solche gekennzeichnet. Sollten Sie trotzdem auf eine Urheberrechtsverletzung aufmerksam werden, bitten wir um einen entsprechenden Hinweis. Bei Bekanntwerden von Rechtsverletzungen werden wir derartige Inhalte umgehend entfernen.<\/span>\n          <\/p>\n          <p>\n            <span style=\"font-size: 0.875rem;\">Widerspruch Werbe-Mails<\/span>\n          <\/p>\n          <p>\n            <span style=\"font-size: 0.875rem;\">Der Nutzung von im Rahmen der Impressumspflicht ver\u00f6ffentlichten Kontaktdaten zur \u00dcbersendung von nicht ausdr\u00fccklich angeforderter Werbung und Informationsmaterialien wird hiermit widersprochen. Die Betreiber der Seiten behalten sich ausdr\u00fccklich rechtliche Schritte im Falle der unverlangten Zusendung von Werbeinformationen, etwa durch Spam-E-Mails, vor.<\/span>\n          <\/p>\n          <p>\n            <span style=\"font-size: 0.875rem; font-weight: 700;\">Design und technische Umsetzung:<\/span>\n          <\/p>\n          <p>\n            <span style=\"font-size: 0.875rem;\">BW-Media GmbH<\/span>\n          <\/p>\n          <p>\n            <span style=\"font-size: 0.875rem;\">Pauluseck 10<\/span>\n          <\/p>\n          <p>\n            <span style=\"font-size: 0.875rem;\">D-66564 Ottweiler<\/span>\n          <\/p>\n          <p>\n            <span style=\"font-size: 0.875rem;\">Telefon: (0) 68 24 - 20 44 510<\/span>\n          <\/p>\n          <p>\n            <span style=\"font-size: 0.875rem;\">Telefax: (0) 68 24 - 20 44 509<\/span>\n          <\/p>\n          <p>\n            <span style=\"font-size: 0.875rem;\">E-Mail: info@bw-media.tv<\/span>\n          <\/p>\n          <p>\n            <span style=\"font-size: 0.875rem;\">Internet: BW-Media.tv<\/span>\n          <\/p>\n        <\/div>\n      <\/div>\n    <\/section>\n    \n    \n    \n  \n<\/div>","protected":false},"excerpt":{"rendered":"<p>Impressum Verantwortlich f\u00fcr den Inhalt dieser Internetseite: ibv Industriebauten-Verkleidungs-GmbH Scheuerbergstr. 48 D-66649 Oberthal eMail: kontakt@ibv-online.com Gesch\u00e4ftsf\u00fchrer: Dipl.-Ing. Wolfgang Schumann Dipl.-Kff. Katja B\u00f6sch Handelsregister: Reg.-Nr.HRB 80 376 Amtsgericht St. Wendel USt-IdNr.: DE 159 946 551 Inhaltlich Verantwortlicher gem\u00e4\u00df \u00a7 10 Absatz 3 MDStV: Dipl.-Kff. Katja B\u00f6sch (Anschrift wie oben) Disclaimer Haftung f\u00fcr Inhalte Als Diensteanbieter sind [&hellip;]<\/p>\n","protected":false},"author":2,"featured_media":0,"parent":0,"menu_order":0,"comment_status":"closed","ping_status":"closed","template":"","meta":{"footnotes":""},"class_list":["post-57","page","type-page","status-publish","hentry"],"_links":{"self":[{"href":"https:\/\/ibv.bw-media.saarland\/index.php?rest_route=\/wp\/v2\/pages\/57","targetHints":{"allow":["GET"]}}],"collection":[{"href":"https:\/\/ibv.bw-media.saarland\/index.php?rest_route=\/wp\/v2\/pages"}],"about":[{"href":"https:\/\/ibv.bw-media.saarland\/index.php?rest_route=\/wp\/v2\/types\/page"}],"author":[{"embeddable":true,"href":"https:\/\/ibv.bw-media.saarland\/index.php?rest_route=\/wp\/v2\/users\/2"}],"replies":[{"embeddable":true,"href":"https:\/\/ibv.bw-media.saarland\/index.php?rest_route=%2Fwp%2Fv2%2Fcomments&post=57"}],"version-history":[{"count":12,"href":"https:\/\/ibv.bw-media.saarland\/index.php?rest_route=\/wp\/v2\/pages\/57\/revisions"}],"predecessor-version":[{"id":117,"href":"https:\/\/ibv.bw-media.saarland\/index.php?rest_route=\/wp\/v2\/pages\/57\/revisions\/117"}],"wp:attachment":[{"href":"https:\/\/ibv.bw-media.saarland\/index.php?rest_route=%2Fwp%2Fv2%2Fmedia&parent=57"}],"curies":[{"name":"wp","href":"https:\/\/api.w.org\/{rel}","templated":true}]}}